{"id":3936,"date":"2025-11-17T10:26:41","date_gmt":"2025-11-17T09:26:41","guid":{"rendered":"https:\/\/inter-soft.com\/contacto\/"},"modified":"2026-02-27T10:14:29","modified_gmt":"2026-02-27T09:14:29","slug":"contacto","status":"publish","type":"page","link":"https:\/\/inter-soft.com\/es\/contacto\/","title":{"rendered":"Contacto"},"content":{"rendered":"\n<div class=\"wp-block-group is-style-bg-slider-hero has-theme-7-background-color has-background is-layout-constrained wp-block-group-is-layout-constrained\" style=\"padding-top:var(--wp--preset--spacing--60);padding-bottom:var(--wp--preset--spacing--60)\">\n<div class=\"wp-block-columns is-layout-flex wp-container-core-columns-is-layout-cf05694f wp-block-columns-is-layout-flex\">\n<div class=\"wp-block-column is-vertically-aligned-center is-layout-flow wp-block-column-is-layout-flow\" role=\"listitem\" style=\"flex-basis:50%\">\n<p class=\"is-style-sur-title\">Cont\u00e1ctenos<\/p>\n\n\n\n<h1 class=\"wp-block-heading\" style=\"font-size:clamp(22.041px, 1.378rem + ((1vw - 3.2px) * 1.091), 36px);\"><mark style=\"background-color:#40F07E\" class=\"has-inline-color\">Contacta con<\/mark> nuestros expertos en desarrollo de software a medida<\/h1>\n\n\n\n<div style=\"height:var(--wp--preset--spacing--50)\" aria-hidden=\"true\" class=\"wp-block-spacer\"><\/div>\n\n\n\n<p class=\"is-style-default\" style=\"font-size:clamp(14.082px, 0.88rem + ((1vw - 3.2px) * 0.54), 21px);\"><strong>\u00bfTienes un proyecto de transformaci\u00f3n digital o un requisito t\u00e9cnico espec\u00edfico? <\/strong><\/p>\n\n\n\n<p class=\"is-style-default\">Tanto si eres una startup en crecimiento como una empresa consolidada, el equipo de Inter-Soft est\u00e1 aqu\u00ed para ayudarte a dise\u00f1ar, desarrollar e implementar herramientas digitales de alto rendimiento.<\/p>\n\n\n\n<div style=\"height:var(--wp--preset--spacing--30)\" aria-hidden=\"true\" class=\"wp-block-spacer\"><\/div>\n\n\n\n<h4 class=\"wp-block-heading\">Encu\u00e9ntranos<\/h4>\n\n\n\n<div class=\"wp-block-group is-nowrap is-layout-flex wp-container-core-group-is-layout-6c531013 wp-block-group-is-layout-flex\">\n<figure class=\"wp-block-image size-full\"><img decoding=\"async\" src=\"https:\/\/inter-soft.com\/wp-content\/uploads\/2026\/01\/icon_geo.svg\" alt=\"\" class=\"wp-image-2483\"\/><\/figure>\n\n\n\n<p><strong>4 Rue de la M\u00e9gisserie 12100 Millau Francia<\/strong><\/p>\n<\/div>\n<\/div>\n\n\n\n<div class=\"wp-block-column is-vertically-aligned-center is-layout-flow wp-block-column-is-layout-flow\" role=\"listitem\" style=\"padding-right:var(--wp--preset--spacing--80);padding-left:var(--wp--preset--spacing--80);flex-basis:45%\">\n<figure class=\"wp-block-image size-full has-custom-border is-style-default\"><img decoding=\"async\" width=\"597\" height=\"426\" src=\"https:\/\/inter-soft.com\/wp-content\/uploads\/2026\/02\/equipe-inter-soft.png\" alt=\"equipe-inter-soft\" class=\"wp-image-4958\" style=\"border-top-left-radius:20px;border-top-right-radius:20px;border-bottom-left-radius:20px;border-bottom-right-radius:20px\" srcset=\"https:\/\/inter-soft.com\/wp-content\/uploads\/2026\/02\/equipe-inter-soft.png 597w, https:\/\/inter-soft.com\/wp-content\/uploads\/2026\/02\/equipe-inter-soft-300x214.png 300w\" sizes=\"(max-width: 597px) 100vw, 597px\" \/><\/figure>\n<\/div>\n<\/div>\n<\/div>\n\n\n\n<div class=\"wp-block-group has-theme-7-background-color has-background is-layout-constrained wp-block-group-is-layout-constrained\">\n<div class=\"wp-block-columns is-layout-flex wp-container-core-columns-is-layout-28f84493 wp-block-columns-is-layout-flex\">\n<div class=\"wp-block-column is-layout-flow wp-block-column-is-layout-flow\" role=\"listitem\" style=\"flex-basis:10%\"><\/div>\n\n\n\n<div class=\"wp-block-column is-style-default is-layout-flow wp-block-column-is-layout-flow\" role=\"listitem\" style=\"padding-top:var(--wp--preset--spacing--80);padding-right:var(--wp--preset--spacing--80);padding-bottom:var(--wp--preset--spacing--80);padding-left:var(--wp--preset--spacing--80);flex-basis:80%\">\n<h2 class=\"wp-block-heading has-text-align-center\">Env\u00edanos un mensaje<\/h2>\n\n\n\n<div style=\"height:var(--wp--preset--spacing--50)\" aria-hidden=\"true\" class=\"wp-block-spacer\"><\/div>\n\n\n\n<iframe aria-label=\"Custom eCommerce &#038; Amazon SP-API Solutions That Fit Your Business Perfectly\" frameborder=\"0\" style=\"height:1000px;width:99%;border:none;\" src=\"https:\/\/forms.zohopublic.eu\/wsinteractive\/form\/ServiceRequestForm\/formperma\/IRyTvQPI4jnS0Q7ZdOtFk0EUPqRVz301M-WTH9t-fLA\"><\/iframe>\n<\/div>\n\n\n\n<div class=\"wp-block-column is-layout-flow wp-block-column-is-layout-flow\" role=\"listitem\" style=\"flex-basis:10%\"><\/div>\n<\/div>\n<\/div>\n","protected":false},"excerpt":{"rendered":"<p>Cont\u00e1ctenos Contacta con nuestros expertos en desarrollo de software a medida \u00bfTienes un proyecto de transformaci\u00f3n digital o un requisito [&hellip;]<\/p>\n","protected":false},"author":1,"featured_media":0,"parent":0,"menu_order":0,"comment_status":"closed","ping_status":"closed","template":"","meta":{"footnotes":""},"class_list":["post-3936","page","type-page","status-publish","hentry"],"yoast_head":"<!-- This site is optimized with the Yoast SEO plugin v27.0 - https:\/\/yoast.com\/product\/yoast-seo-wordpress\/ -->\n<title>Contacto - Inter-soft<\/title>\n<meta name=\"robots\" content=\"index, follow, max-snippet:-1, max-image-preview:large, max-video-preview:-1\" \/>\n<link rel=\"canonical\" href=\"https:\/\/inter-soft.com\/es\/contacto\/\" \/>\n<meta property=\"og:locale\" content=\"es_ES\" \/>\n<meta property=\"og:type\" content=\"article\" \/>\n<meta property=\"og:title\" content=\"Contacto - Inter-soft\" \/>\n<meta property=\"og:description\" content=\"Cont\u00e1ctenos Contacta con nuestros expertos en desarrollo de software a medida \u00bfTienes un proyecto de transformaci\u00f3n digital o un requisito [&hellip;]\" \/>\n<meta property=\"og:url\" content=\"https:\/\/inter-soft.com\/es\/contacto\/\" \/>\n<meta property=\"og:site_name\" content=\"Inter-soft\" \/>\n<meta property=\"article:modified_time\" content=\"2026-02-27T09:14:29+00:00\" \/>\n<meta name=\"twitter:card\" content=\"summary_large_image\" \/>\n<meta name=\"twitter:label1\" content=\"Tiempo de lectura\" \/>\n\t<meta name=\"twitter:data1\" content=\"1 minuto\" \/>\n<script type=\"application\/ld+json\" class=\"yoast-schema-graph\">{\"@context\":\"https:\/\/schema.org\",\"@graph\":[{\"@type\":\"WebPage\",\"@id\":\"https:\/\/inter-soft.com\/es\/contacto\/\",\"url\":\"https:\/\/inter-soft.com\/es\/contacto\/\",\"name\":\"Contacto - Inter-soft\",\"isPartOf\":{\"@id\":\"https:\/\/inter-soft.com\/es\/#website\"},\"primaryImageOfPage\":{\"@id\":\"https:\/\/inter-soft.com\/es\/contacto\/#primaryimage\"},\"image\":{\"@id\":\"https:\/\/inter-soft.com\/es\/contacto\/#primaryimage\"},\"thumbnailUrl\":\"https:\/\/inter-soft.com\/wp-content\/uploads\/2026\/01\/icon_geo.svg\",\"datePublished\":\"2025-11-17T09:26:41+00:00\",\"dateModified\":\"2026-02-27T09:14:29+00:00\",\"breadcrumb\":{\"@id\":\"https:\/\/inter-soft.com\/es\/contacto\/#breadcrumb\"},\"inLanguage\":\"es\",\"potentialAction\":[{\"@type\":\"ReadAction\",\"target\":[\"https:\/\/inter-soft.com\/es\/contacto\/\"]}]},{\"@type\":\"ImageObject\",\"inLanguage\":\"es\",\"@id\":\"https:\/\/inter-soft.com\/es\/contacto\/#primaryimage\",\"url\":\"https:\/\/inter-soft.com\/wp-content\/uploads\/2026\/01\/icon_geo.svg\",\"contentUrl\":\"https:\/\/inter-soft.com\/wp-content\/uploads\/2026\/01\/icon_geo.svg\"},{\"@type\":\"BreadcrumbList\",\"@id\":\"https:\/\/inter-soft.com\/es\/contacto\/#breadcrumb\",\"itemListElement\":[{\"@type\":\"ListItem\",\"position\":1,\"name\":\"Home\",\"item\":\"https:\/\/inter-soft.com\/es\/\"},{\"@type\":\"ListItem\",\"position\":2,\"name\":\"Contacto\"}]},{\"@type\":\"WebSite\",\"@id\":\"https:\/\/inter-soft.com\/es\/#website\",\"url\":\"https:\/\/inter-soft.com\/es\/\",\"name\":\"Inter Soft\",\"description\":\"\",\"publisher\":{\"@id\":\"https:\/\/inter-soft.com\/es\/#organization\"},\"potentialAction\":[{\"@type\":\"SearchAction\",\"target\":{\"@type\":\"EntryPoint\",\"urlTemplate\":\"https:\/\/inter-soft.com\/es\/?s={search_term_string}\"},\"query-input\":{\"@type\":\"PropertyValueSpecification\",\"valueRequired\":true,\"valueName\":\"search_term_string\"}}],\"inLanguage\":\"es\"},{\"@type\":\"Organization\",\"@id\":\"https:\/\/inter-soft.com\/es\/#organization\",\"name\":\"Inter Soft\",\"url\":\"https:\/\/inter-soft.com\/es\/\",\"logo\":{\"@type\":\"ImageObject\",\"inLanguage\":\"es\",\"@id\":\"https:\/\/inter-soft.com\/es\/#\/schema\/logo\/image\/\",\"url\":\"https:\/\/inter-soft.com\/wp-content\/uploads\/2026\/03\/Inter-soft-new-logo-26-7.png\",\"contentUrl\":\"https:\/\/inter-soft.com\/wp-content\/uploads\/2026\/03\/Inter-soft-new-logo-26-7.png\",\"width\":400,\"height\":100,\"caption\":\"Inter Soft\"},\"image\":{\"@id\":\"https:\/\/inter-soft.com\/es\/#\/schema\/logo\/image\/\"}}]}<\/script>\n<!-- \/ Yoast SEO plugin. -->","yoast_head_json":{"title":"Contacto - Inter-soft","robots":{"index":"index","follow":"follow","max-snippet":"max-snippet:-1","max-image-preview":"max-image-preview:large","max-video-preview":"max-video-preview:-1"},"canonical":"https:\/\/inter-soft.com\/es\/contacto\/","og_locale":"es_ES","og_type":"article","og_title":"Contacto - Inter-soft","og_description":"Cont\u00e1ctenos Contacta con nuestros expertos en desarrollo de software a medida \u00bfTienes un proyecto de transformaci\u00f3n digital o un requisito [&hellip;]","og_url":"https:\/\/inter-soft.com\/es\/contacto\/","og_site_name":"Inter-soft","article_modified_time":"2026-02-27T09:14:29+00:00","twitter_card":"summary_large_image","twitter_misc":{"Tiempo de lectura":"1 minuto"},"schema":{"@context":"https:\/\/schema.org","@graph":[{"@type":"WebPage","@id":"https:\/\/inter-soft.com\/es\/contacto\/","url":"https:\/\/inter-soft.com\/es\/contacto\/","name":"Contacto - Inter-soft","isPartOf":{"@id":"https:\/\/inter-soft.com\/es\/#website"},"primaryImageOfPage":{"@id":"https:\/\/inter-soft.com\/es\/contacto\/#primaryimage"},"image":{"@id":"https:\/\/inter-soft.com\/es\/contacto\/#primaryimage"},"thumbnailUrl":"https:\/\/inter-soft.com\/wp-content\/uploads\/2026\/01\/icon_geo.svg","datePublished":"2025-11-17T09:26:41+00:00","dateModified":"2026-02-27T09:14:29+00:00","breadcrumb":{"@id":"https:\/\/inter-soft.com\/es\/contacto\/#breadcrumb"},"inLanguage":"es","potentialAction":[{"@type":"ReadAction","target":["https:\/\/inter-soft.com\/es\/contacto\/"]}]},{"@type":"ImageObject","inLanguage":"es","@id":"https:\/\/inter-soft.com\/es\/contacto\/#primaryimage","url":"https:\/\/inter-soft.com\/wp-content\/uploads\/2026\/01\/icon_geo.svg","contentUrl":"https:\/\/inter-soft.com\/wp-content\/uploads\/2026\/01\/icon_geo.svg"},{"@type":"BreadcrumbList","@id":"https:\/\/inter-soft.com\/es\/contacto\/#breadcrumb","itemListElement":[{"@type":"ListItem","position":1,"name":"Home","item":"https:\/\/inter-soft.com\/es\/"},{"@type":"ListItem","position":2,"name":"Contacto"}]},{"@type":"WebSite","@id":"https:\/\/inter-soft.com\/es\/#website","url":"https:\/\/inter-soft.com\/es\/","name":"Inter Soft","description":"","publisher":{"@id":"https:\/\/inter-soft.com\/es\/#organization"},"potentialAction":[{"@type":"SearchAction","target":{"@type":"EntryPoint","urlTemplate":"https:\/\/inter-soft.com\/es\/?s={search_term_string}"},"query-input":{"@type":"PropertyValueSpecification","valueRequired":true,"valueName":"search_term_string"}}],"inLanguage":"es"},{"@type":"Organization","@id":"https:\/\/inter-soft.com\/es\/#organization","name":"Inter Soft","url":"https:\/\/inter-soft.com\/es\/","logo":{"@type":"ImageObject","inLanguage":"es","@id":"https:\/\/inter-soft.com\/es\/#\/schema\/logo\/image\/","url":"https:\/\/inter-soft.com\/wp-content\/uploads\/2026\/03\/Inter-soft-new-logo-26-7.png","contentUrl":"https:\/\/inter-soft.com\/wp-content\/uploads\/2026\/03\/Inter-soft-new-logo-26-7.png","width":400,"height":100,"caption":"Inter Soft"},"image":{"@id":"https:\/\/inter-soft.com\/es\/#\/schema\/logo\/image\/"}}]}},"_links":{"self":[{"href":"https:\/\/inter-soft.com\/es\/wp-json\/wp\/v2\/pages\/3936","targetHints":{"allow":["GET"]}}],"collection":[{"href":"https:\/\/inter-soft.com\/es\/wp-json\/wp\/v2\/pages"}],"about":[{"href":"https:\/\/inter-soft.com\/es\/wp-json\/wp\/v2\/types\/page"}],"author":[{"embeddable":true,"href":"https:\/\/inter-soft.com\/es\/wp-json\/wp\/v2\/users\/1"}],"replies":[{"embeddable":true,"href":"https:\/\/inter-soft.com\/es\/wp-json\/wp\/v2\/comments?post=3936"}],"version-history":[{"count":3,"href":"https:\/\/inter-soft.com\/es\/wp-json\/wp\/v2\/pages\/3936\/revisions"}],"predecessor-version":[{"id":5057,"href":"https:\/\/inter-soft.com\/es\/wp-json\/wp\/v2\/pages\/3936\/revisions\/5057"}],"wp:attachment":[{"href":"https:\/\/inter-soft.com\/es\/wp-json\/wp\/v2\/media?parent=3936"}],"curies":[{"name":"wp","href":"https:\/\/api.w.org\/{rel}","templated":true}]}}