{"id":4357,"date":"2025-11-17T10:26:41","date_gmt":"2025-11-17T09:26:41","guid":{"rendered":"https:\/\/inter-soft.com\/contact\/"},"modified":"2026-02-27T08:51:29","modified_gmt":"2026-02-27T07:51:29","slug":"contact","status":"publish","type":"page","link":"https:\/\/inter-soft.com\/fr\/contact\/","title":{"rendered":"Contact"},"content":{"rendered":"\n<div class=\"wp-block-group is-style-bg-slider-hero has-theme-7-background-color has-background is-layout-constrained wp-block-group-is-layout-constrained\" style=\"padding-top:var(--wp--preset--spacing--60);padding-bottom:var(--wp--preset--spacing--60)\">\n<div class=\"wp-block-columns is-layout-flex wp-container-core-columns-is-layout-cf05694f wp-block-columns-is-layout-flex\">\n<div class=\"wp-block-column is-vertically-aligned-center is-layout-flow wp-block-column-is-layout-flow\" role=\"listitem\" style=\"flex-basis:50%\">\n<p class=\"is-style-sur-title\">Nous contacter<\/p>\n\n\n\n<h1 class=\"wp-block-heading\" style=\"font-size:clamp(22.041px, 1.378rem + ((1vw - 3.2px) * 1.091), 36px);\"><mark style=\"background-color:#40F07E\" class=\"has-inline-color\">Contactez<\/mark> nos experts en d\u00e9veloppement de logiciels sur mesure<\/h1>\n\n\n\n<div style=\"height:var(--wp--preset--spacing--50)\" aria-hidden=\"true\" class=\"wp-block-spacer\"><\/div>\n\n\n\n<p class=\"is-style-default\" style=\"font-size:clamp(14.082px, 0.88rem + ((1vw - 3.2px) * 0.54), 21px);\"><strong>Avez-vous un projet de transformation num\u00e9rique ou une exigence technique sp\u00e9cifique ? <\/strong><\/p>\n\n\n\n<p class=\"is-style-default\">Que vous soyez une startup en pleine croissance ou une entreprise \u00e9tablie, l&rsquo;\u00e9quipe Inter-Soft est l\u00e0 pour vous aider \u00e0 concevoir, construire et d\u00e9ployer des outils num\u00e9riques haute performance.<\/p>\n\n\n\n<div style=\"height:var(--wp--preset--spacing--30)\" aria-hidden=\"true\" class=\"wp-block-spacer\"><\/div>\n\n\n\n<h4 class=\"wp-block-heading\">Nous trouver<\/h4>\n\n\n\n<div class=\"wp-block-group is-nowrap is-layout-flex wp-container-core-group-is-layout-6c531013 wp-block-group-is-layout-flex\">\n<figure class=\"wp-block-image size-full\"><img decoding=\"async\" src=\"https:\/\/inter-soft.com\/wp-content\/uploads\/2026\/01\/icon_geo.svg\" alt=\"\" class=\"wp-image-2483\"\/><\/figure>\n\n\n\n<p><strong>4 Rue de la M\u00e9gisserie 12100 Millau France<\/strong><\/p>\n<\/div>\n<\/div>\n\n\n\n<div class=\"wp-block-column is-vertically-aligned-center is-layout-flow wp-block-column-is-layout-flow\" role=\"listitem\" style=\"padding-right:var(--wp--preset--spacing--80);padding-left:var(--wp--preset--spacing--80);flex-basis:45%\">\n<figure class=\"wp-block-image size-full has-custom-border is-style-default\"><img decoding=\"async\" width=\"597\" height=\"426\" src=\"https:\/\/inter-soft.com\/wp-content\/uploads\/2026\/02\/equipe-inter-soft.png\" alt=\"equipe-inter-soft\" class=\"wp-image-4953\" style=\"border-top-left-radius:20px;border-top-right-radius:20px;border-bottom-left-radius:20px;border-bottom-right-radius:20px\" srcset=\"https:\/\/inter-soft.com\/wp-content\/uploads\/2026\/02\/equipe-inter-soft.png 597w, https:\/\/inter-soft.com\/wp-content\/uploads\/2026\/02\/equipe-inter-soft-300x214.png 300w\" sizes=\"(max-width: 597px) 100vw, 597px\" \/><\/figure>\n<\/div>\n<\/div>\n<\/div>\n\n\n\n<div class=\"wp-block-group has-theme-7-background-color has-background is-layout-constrained wp-block-group-is-layout-constrained\">\n<div class=\"wp-block-columns is-layout-flex wp-container-core-columns-is-layout-28f84493 wp-block-columns-is-layout-flex\">\n<div class=\"wp-block-column is-layout-flow wp-block-column-is-layout-flow\" role=\"listitem\" style=\"flex-basis:10%\"><\/div>\n\n\n\n<div class=\"wp-block-column is-style-default is-layout-flow wp-block-column-is-layout-flow\" role=\"listitem\" style=\"padding-top:var(--wp--preset--spacing--80);padding-right:var(--wp--preset--spacing--80);padding-bottom:var(--wp--preset--spacing--80);padding-left:var(--wp--preset--spacing--80);flex-basis:80%\">\n<h2 class=\"wp-block-heading has-text-align-center\">Envoyez-nous un message<\/h2>\n\n\n\n<div style=\"height:var(--wp--preset--spacing--50)\" aria-hidden=\"true\" class=\"wp-block-spacer\"><\/div>\n\n\n\n<iframe aria-label=\"Custom eCommerce &#038; Amazon SP-API Solutions That Fit Your Business Perfectly\" frameborder=\"0\" style=\"height:1000px;width:99%;border:none;\" src=\"https:\/\/forms.zohopublic.eu\/wsinteractive\/form\/ServiceRequestForm\/formperma\/IRyTvQPI4jnS0Q7ZdOtFk0EUPqRVz301M-WTH9t-fLA\"><\/iframe>\n<\/div>\n\n\n\n<div class=\"wp-block-column is-layout-flow wp-block-column-is-layout-flow\" role=\"listitem\" style=\"flex-basis:10%\"><\/div>\n<\/div>\n<\/div>\n","protected":false},"excerpt":{"rendered":"<p>Nous contacter Contactez nos experts en d\u00e9veloppement de logiciels sur mesure Avez-vous un projet de transformation num\u00e9rique ou une exigence [&hellip;]<\/p>\n","protected":false},"author":1,"featured_media":0,"parent":0,"menu_order":0,"comment_status":"closed","ping_status":"closed","template":"","meta":{"footnotes":""},"class_list":["post-4357","page","type-page","status-publish","hentry"],"yoast_head":"<!-- This site is optimized with the Yoast SEO plugin v27.0 - https:\/\/yoast.com\/product\/yoast-seo-wordpress\/ -->\n<title>Contact - Inter-soft<\/title>\n<meta name=\"robots\" content=\"index, follow, max-snippet:-1, max-image-preview:large, max-video-preview:-1\" \/>\n<link rel=\"canonical\" href=\"https:\/\/inter-soft.com\/fr\/contact\/\" \/>\n<meta property=\"og:locale\" content=\"fr_FR\" \/>\n<meta property=\"og:type\" content=\"article\" \/>\n<meta property=\"og:title\" content=\"Contact - Inter-soft\" \/>\n<meta property=\"og:description\" content=\"Nous contacter Contactez nos experts en d\u00e9veloppement de logiciels sur mesure Avez-vous un projet de transformation num\u00e9rique ou une exigence [&hellip;]\" \/>\n<meta property=\"og:url\" content=\"https:\/\/inter-soft.com\/fr\/contact\/\" \/>\n<meta property=\"og:site_name\" content=\"Inter-soft\" \/>\n<meta property=\"article:modified_time\" content=\"2026-02-27T07:51:29+00:00\" \/>\n<meta name=\"twitter:card\" content=\"summary_large_image\" \/>\n<meta name=\"twitter:label1\" content=\"Dur\u00e9e de lecture estim\u00e9e\" \/>\n\t<meta name=\"twitter:data1\" content=\"1 minute\" \/>\n<script type=\"application\/ld+json\" class=\"yoast-schema-graph\">{\"@context\":\"https:\/\/schema.org\",\"@graph\":[{\"@type\":\"WebPage\",\"@id\":\"https:\/\/inter-soft.com\/fr\/contact\/\",\"url\":\"https:\/\/inter-soft.com\/fr\/contact\/\",\"name\":\"Contact - Inter-soft\",\"isPartOf\":{\"@id\":\"https:\/\/inter-soft.com\/fr\/#website\"},\"primaryImageOfPage\":{\"@id\":\"https:\/\/inter-soft.com\/fr\/contact\/#primaryimage\"},\"image\":{\"@id\":\"https:\/\/inter-soft.com\/fr\/contact\/#primaryimage\"},\"thumbnailUrl\":\"https:\/\/inter-soft.com\/wp-content\/uploads\/2026\/01\/icon_geo.svg\",\"datePublished\":\"2025-11-17T09:26:41+00:00\",\"dateModified\":\"2026-02-27T07:51:29+00:00\",\"breadcrumb\":{\"@id\":\"https:\/\/inter-soft.com\/fr\/contact\/#breadcrumb\"},\"inLanguage\":\"fr-FR\",\"potentialAction\":[{\"@type\":\"ReadAction\",\"target\":[\"https:\/\/inter-soft.com\/fr\/contact\/\"]}]},{\"@type\":\"ImageObject\",\"inLanguage\":\"fr-FR\",\"@id\":\"https:\/\/inter-soft.com\/fr\/contact\/#primaryimage\",\"url\":\"https:\/\/inter-soft.com\/wp-content\/uploads\/2026\/01\/icon_geo.svg\",\"contentUrl\":\"https:\/\/inter-soft.com\/wp-content\/uploads\/2026\/01\/icon_geo.svg\"},{\"@type\":\"BreadcrumbList\",\"@id\":\"https:\/\/inter-soft.com\/fr\/contact\/#breadcrumb\",\"itemListElement\":[{\"@type\":\"ListItem\",\"position\":1,\"name\":\"Home\",\"item\":\"https:\/\/inter-soft.com\/fr\/\"},{\"@type\":\"ListItem\",\"position\":2,\"name\":\"Contact\"}]},{\"@type\":\"WebSite\",\"@id\":\"https:\/\/inter-soft.com\/fr\/#website\",\"url\":\"https:\/\/inter-soft.com\/fr\/\",\"name\":\"Inter Soft\",\"description\":\"\",\"publisher\":{\"@id\":\"https:\/\/inter-soft.com\/fr\/#organization\"},\"potentialAction\":[{\"@type\":\"SearchAction\",\"target\":{\"@type\":\"EntryPoint\",\"urlTemplate\":\"https:\/\/inter-soft.com\/fr\/?s={search_term_string}\"},\"query-input\":{\"@type\":\"PropertyValueSpecification\",\"valueRequired\":true,\"valueName\":\"search_term_string\"}}],\"inLanguage\":\"fr-FR\"},{\"@type\":\"Organization\",\"@id\":\"https:\/\/inter-soft.com\/fr\/#organization\",\"name\":\"Inter Soft\",\"url\":\"https:\/\/inter-soft.com\/fr\/\",\"logo\":{\"@type\":\"ImageObject\",\"inLanguage\":\"fr-FR\",\"@id\":\"https:\/\/inter-soft.com\/fr\/#\/schema\/logo\/image\/\",\"url\":\"https:\/\/inter-soft.com\/wp-content\/uploads\/2026\/03\/Inter-soft-new-logo-26-7.png\",\"contentUrl\":\"https:\/\/inter-soft.com\/wp-content\/uploads\/2026\/03\/Inter-soft-new-logo-26-7.png\",\"width\":400,\"height\":100,\"caption\":\"Inter Soft\"},\"image\":{\"@id\":\"https:\/\/inter-soft.com\/fr\/#\/schema\/logo\/image\/\"}}]}<\/script>\n<!-- \/ Yoast SEO plugin. -->","yoast_head_json":{"title":"Contact - Inter-soft","robots":{"index":"index","follow":"follow","max-snippet":"max-snippet:-1","max-image-preview":"max-image-preview:large","max-video-preview":"max-video-preview:-1"},"canonical":"https:\/\/inter-soft.com\/fr\/contact\/","og_locale":"fr_FR","og_type":"article","og_title":"Contact - Inter-soft","og_description":"Nous contacter Contactez nos experts en d\u00e9veloppement de logiciels sur mesure Avez-vous un projet de transformation num\u00e9rique ou une exigence [&hellip;]","og_url":"https:\/\/inter-soft.com\/fr\/contact\/","og_site_name":"Inter-soft","article_modified_time":"2026-02-27T07:51:29+00:00","twitter_card":"summary_large_image","twitter_misc":{"Dur\u00e9e de lecture estim\u00e9e":"1 minute"},"schema":{"@context":"https:\/\/schema.org","@graph":[{"@type":"WebPage","@id":"https:\/\/inter-soft.com\/fr\/contact\/","url":"https:\/\/inter-soft.com\/fr\/contact\/","name":"Contact - Inter-soft","isPartOf":{"@id":"https:\/\/inter-soft.com\/fr\/#website"},"primaryImageOfPage":{"@id":"https:\/\/inter-soft.com\/fr\/contact\/#primaryimage"},"image":{"@id":"https:\/\/inter-soft.com\/fr\/contact\/#primaryimage"},"thumbnailUrl":"https:\/\/inter-soft.com\/wp-content\/uploads\/2026\/01\/icon_geo.svg","datePublished":"2025-11-17T09:26:41+00:00","dateModified":"2026-02-27T07:51:29+00:00","breadcrumb":{"@id":"https:\/\/inter-soft.com\/fr\/contact\/#breadcrumb"},"inLanguage":"fr-FR","potentialAction":[{"@type":"ReadAction","target":["https:\/\/inter-soft.com\/fr\/contact\/"]}]},{"@type":"ImageObject","inLanguage":"fr-FR","@id":"https:\/\/inter-soft.com\/fr\/contact\/#primaryimage","url":"https:\/\/inter-soft.com\/wp-content\/uploads\/2026\/01\/icon_geo.svg","contentUrl":"https:\/\/inter-soft.com\/wp-content\/uploads\/2026\/01\/icon_geo.svg"},{"@type":"BreadcrumbList","@id":"https:\/\/inter-soft.com\/fr\/contact\/#breadcrumb","itemListElement":[{"@type":"ListItem","position":1,"name":"Home","item":"https:\/\/inter-soft.com\/fr\/"},{"@type":"ListItem","position":2,"name":"Contact"}]},{"@type":"WebSite","@id":"https:\/\/inter-soft.com\/fr\/#website","url":"https:\/\/inter-soft.com\/fr\/","name":"Inter Soft","description":"","publisher":{"@id":"https:\/\/inter-soft.com\/fr\/#organization"},"potentialAction":[{"@type":"SearchAction","target":{"@type":"EntryPoint","urlTemplate":"https:\/\/inter-soft.com\/fr\/?s={search_term_string}"},"query-input":{"@type":"PropertyValueSpecification","valueRequired":true,"valueName":"search_term_string"}}],"inLanguage":"fr-FR"},{"@type":"Organization","@id":"https:\/\/inter-soft.com\/fr\/#organization","name":"Inter Soft","url":"https:\/\/inter-soft.com\/fr\/","logo":{"@type":"ImageObject","inLanguage":"fr-FR","@id":"https:\/\/inter-soft.com\/fr\/#\/schema\/logo\/image\/","url":"https:\/\/inter-soft.com\/wp-content\/uploads\/2026\/03\/Inter-soft-new-logo-26-7.png","contentUrl":"https:\/\/inter-soft.com\/wp-content\/uploads\/2026\/03\/Inter-soft-new-logo-26-7.png","width":400,"height":100,"caption":"Inter Soft"},"image":{"@id":"https:\/\/inter-soft.com\/fr\/#\/schema\/logo\/image\/"}}]}},"_links":{"self":[{"href":"https:\/\/inter-soft.com\/fr\/wp-json\/wp\/v2\/pages\/4357","targetHints":{"allow":["GET"]}}],"collection":[{"href":"https:\/\/inter-soft.com\/fr\/wp-json\/wp\/v2\/pages"}],"about":[{"href":"https:\/\/inter-soft.com\/fr\/wp-json\/wp\/v2\/types\/page"}],"author":[{"embeddable":true,"href":"https:\/\/inter-soft.com\/fr\/wp-json\/wp\/v2\/users\/1"}],"replies":[{"embeddable":true,"href":"https:\/\/inter-soft.com\/fr\/wp-json\/wp\/v2\/comments?post=4357"}],"version-history":[{"count":2,"href":"https:\/\/inter-soft.com\/fr\/wp-json\/wp\/v2\/pages\/4357\/revisions"}],"predecessor-version":[{"id":4956,"href":"https:\/\/inter-soft.com\/fr\/wp-json\/wp\/v2\/pages\/4357\/revisions\/4956"}],"wp:attachment":[{"href":"https:\/\/inter-soft.com\/fr\/wp-json\/wp\/v2\/media?parent=4357"}],"curies":[{"name":"wp","href":"https:\/\/api.w.org\/{rel}","templated":true}]}}