{"id":4388,"date":"2025-11-17T10:26:41","date_gmt":"2025-11-17T09:26:41","guid":{"rendered":"https:\/\/inter-soft.com\/mentions-legales\/"},"modified":"2026-02-24T14:08:47","modified_gmt":"2026-02-24T13:08:47","slug":"mentions-legales","status":"publish","type":"page","link":"https:\/\/inter-soft.com\/fr\/mentions-legales\/","title":{"rendered":"Mentions l\u00e9gales"},"content":{"rendered":"\n<div class=\"wp-block-group is-style-default is-layout-constrained wp-block-group-is-layout-constrained\" style=\"padding-top:var(--wp--preset--spacing--60);padding-bottom:var(--wp--preset--spacing--60)\">\n<div class=\"wp-block-columns is-layout-flex wp-container-core-columns-is-layout-7fc3d43a wp-block-columns-is-layout-flex\">\n<div class=\"wp-block-column is-vertically-aligned-center is-layout-flow wp-block-column-is-layout-flow\" role=\"listitem\" style=\"flex-basis:100%\">\n<h1 class=\"wp-block-heading\" style=\"font-size:clamp(22.041px, 1.378rem + ((1vw - 3.2px) * 1.091), 36px);\">Mentions l\u00e9gales<\/h1>\n\n\n\n<div style=\"height:var(--wp--preset--spacing--50)\" aria-hidden=\"true\" class=\"wp-block-spacer\"><\/div>\n\n\n\n<p class=\"is-style-default\" style=\"font-size:clamp(14px, 0.875rem + ((1vw - 3.2px) * 0.156), 16px);\">Conform\u00e9ment aux dispositions de la <strong>loi n\u00b0 2004\u2011575 du 21 juin 2004 pour la confiance dans l\u2019\u00e9conomie num\u00e9rique<\/strong>, les utilisateurs du site <strong>inter-soft.com<\/strong> sont inform\u00e9s de l\u2019identit\u00e9 des intervenants dans le cadre de sa cr\u00e9ation et de son exploitation.<\/p>\n\n\n\n<hr class=\"wp-block-separator has-text-color has-theme-3-color has-alpha-channel-opacity has-theme-3-background-color has-background\"\/>\n\n\n\n<div style=\"height:10px\" aria-hidden=\"true\" class=\"wp-block-spacer\"><\/div>\n\n\n\n<h2 class=\"wp-block-heading\"><strong>\u00c9diteur du site<\/strong><\/h2>\n\n\n\n<p>Le site<a href=\"https:\/\/www.inter-soft.com\/\"> <strong>https:\/\/www.inter-soft.com<\/strong><\/a> est \u00e9dit\u00e9 par :<\/p>\n\n\n\n<p><strong>INTER\u2011SOFT<\/strong>, <strong>soci\u00e9t\u00e9 par actions simplifi\u00e9e (SAS)<\/strong> constitu\u00e9e selon le droit fran\u00e7ais,<br\/>immatricul\u00e9e au <strong>Registre du commerce et des soci\u00e9t\u00e9s (RCS)<\/strong> sous le <strong>num\u00e9ro SIREN 949 252 142<\/strong>,<br\/>dont le si\u00e8ge social est situ\u00e9 :<\/p>\n\n\n\n<p><strong>4 Rue de la M\u00e9gisserie, 12100 Millau, France<\/strong><\/p>\n\n\n\n<ul class=\"wp-block-list\">\n<li>Date de constitution : <strong>21 f\u00e9vrier 2023<\/strong><\/li>\n\n\n\n<li>Activit\u00e9 principale : <strong>Programmation informatique \/ \u00e9dition de logiciels SaaS<\/strong><\/li>\n\n\n\n<li>Code NAF \/ APE : <strong>62.01Z<\/strong><\/li>\n\n\n\n<li>Num\u00e9ro de TVA intracommunautaire : <strong>FR77 949 252 142<\/strong><\/li>\n<\/ul>\n\n\n\n<p>La soci\u00e9t\u00e9 est repr\u00e9sent\u00e9e par son <strong>repr\u00e9sentant l\u00e9gal<\/strong>, d\u00fbment habilit\u00e9 \u00e0 cet effet.<\/p>\n\n\n\n<hr class=\"wp-block-separator has-text-color has-theme-3-color has-alpha-channel-opacity has-theme-3-background-color has-background\"\/>\n\n\n\n<div style=\"height:10px\" aria-hidden=\"true\" class=\"wp-block-spacer\"><\/div>\n\n\n\n<h2 class=\"wp-block-heading\"><strong>Informations TVA<\/strong><\/h2>\n\n\n\n<p>INTER\u2011SOFT est assujettie \u00e0 la TVA et identifi\u00e9e sous le num\u00e9ro de TVA intracommunautaire suivant :<\/p>\n\n\n\n<p><strong>FR77 949 252 142<\/strong><\/p>\n\n\n\n<hr class=\"wp-block-separator has-text-color has-theme-3-color has-alpha-channel-opacity has-theme-3-background-color has-background\"\/>\n\n\n\n<div style=\"height:10px\" aria-hidden=\"true\" class=\"wp-block-spacer\"><\/div>\n\n\n\n<h2 class=\"wp-block-heading\"><strong>H\u00e9bergement du site<\/strong><\/h2>\n\n\n\n<p>Le site est <strong>auto\u2011h\u00e9berg\u00e9<\/strong> par <strong>INTER\u2011SOFT<\/strong> sur ses propres serveurs.<\/p>\n\n\n\n<p>L\u2019infrastructure d\u2019h\u00e9bergement est exploit\u00e9e directement par INTER\u2011SOFT et administr\u00e9e depuis l\u2019Union europ\u00e9enne.<\/p>\n\n\n\n<hr class=\"wp-block-separator has-text-color has-theme-3-color has-alpha-channel-opacity has-theme-3-background-color has-background\"\/>\n\n\n\n<div style=\"height:10px\" aria-hidden=\"true\" class=\"wp-block-spacer\"><\/div>\n\n\n\n<h2 class=\"wp-block-heading\"><strong>Directeur de la publication<\/strong><\/h2>\n\n\n\n<p>Le <strong>directeur de la publication<\/strong> du site est le <strong>repr\u00e9sentant l\u00e9gal d\u2019INTER\u2011SOFT<\/strong>.<\/p>\n\n\n\n<hr class=\"wp-block-separator has-text-color has-theme-3-color has-alpha-channel-opacity has-theme-3-background-color has-background\"\/>\n\n\n\n<div style=\"height:10px\" aria-hidden=\"true\" class=\"wp-block-spacer\"><\/div>\n\n\n\n<h2 class=\"wp-block-heading\"><strong>Contact<\/strong><\/h2>\n\n\n\n<p>Vous pouvez contacter INTER\u2011SOFT aux coordonn\u00e9es suivantes :<\/p>\n\n\n\n<ul class=\"wp-block-list\">\n<li><strong>T\u00e9l\u00e9phone :<\/strong> +33 6 19 08 57 45<\/li>\n\n\n\n<li><strong>E-mail :<\/strong> info@inter-soft.com<\/li>\n\n\n\n<li><strong>Adresse postale :<\/strong><strong><br\/><\/strong> INTER\u2011SOFT<br\/>4 Rue de la M\u00e9gisserie<br\/>12100 Millau<br\/>France<\/li>\n<\/ul>\n\n\n\n<hr class=\"wp-block-separator has-text-color has-theme-3-color has-alpha-channel-opacity has-theme-3-background-color has-background\"\/>\n\n\n\n<div style=\"height:10px\" aria-hidden=\"true\" class=\"wp-block-spacer\"><\/div>\n\n\n\n<h2 class=\"wp-block-heading\"><strong>Donn\u00e9es personnelles<\/strong><\/h2>\n\n\n\n<p>INTER\u2011SOFT traite des donn\u00e9es personnelles via son site (notamment les formulaires de contact, les e-mails et les \u00e9changes commerciaux).<\/p>\n\n\n\n<p>Le traitement des donn\u00e9es personnelles est r\u00e9gi par notre <strong>Politique de confidentialit\u00e9<\/strong>, conform\u00e9ment au <strong>r\u00e8glement (UE) 2016\/679 du 27 avril 2016 (RGPD)<\/strong>.<\/p>\n\n\n\n<p>\ud83d\udc49 <em>Un lien vers la Politique de confidentialit\u00e9 doit \u00eatre accessible sur le site.<\/em><\/p>\n\n\n\n<p>\u00c0 ce jour, <strong>aucun d\u00e9l\u00e9gu\u00e9 \u00e0 la protection des donn\u00e9es (DPO) n\u2019a \u00e9t\u00e9 formellement d\u00e9sign\u00e9<\/strong>.<br\/>Pour toute question relative aux donn\u00e9es personnelles, les utilisateurs peuvent contacter :<\/p>\n\n\n\n<p class=\"is-style-default\" style=\"font-size:clamp(14px, 0.875rem + ((1vw - 3.2px) * 0.156), 16px);\">\ud83d\udce7 <strong>info@inter-soft.com<\/strong><\/p>\n\n\n\n<div style=\"height:var(--wp--preset--spacing--50)\" aria-hidden=\"true\" class=\"wp-block-spacer\"><\/div>\n<\/div>\n<\/div>\n<\/div>\n","protected":false},"excerpt":{"rendered":"<p>Mentions l\u00e9gales Conform\u00e9ment aux dispositions de la loi n\u00b0 2004\u2011575 du 21 juin 2004 pour la confiance dans l\u2019\u00e9conomie num\u00e9rique, [&hellip;]<\/p>\n","protected":false},"author":1,"featured_media":0,"parent":0,"menu_order":0,"comment_status":"closed","ping_status":"closed","template":"","meta":{"footnotes":""},"class_list":["post-4388","page","type-page","status-publish","hentry"],"yoast_head":"<!-- This site is optimized with the Yoast SEO plugin v27.0 - https:\/\/yoast.com\/product\/yoast-seo-wordpress\/ -->\n<title>Mentions l\u00e9gales - Inter-soft<\/title>\n<meta name=\"robots\" content=\"index, follow, max-snippet:-1, max-image-preview:large, max-video-preview:-1\" \/>\n<link rel=\"canonical\" href=\"https:\/\/inter-soft.com\/fr\/mentions-legales\/\" \/>\n<meta property=\"og:locale\" content=\"fr_FR\" \/>\n<meta property=\"og:type\" content=\"article\" \/>\n<meta property=\"og:title\" content=\"Mentions l\u00e9gales - Inter-soft\" \/>\n<meta property=\"og:description\" content=\"Mentions l\u00e9gales Conform\u00e9ment aux dispositions de la loi n\u00b0 2004\u2011575 du 21 juin 2004 pour la confiance dans l\u2019\u00e9conomie num\u00e9rique, [&hellip;]\" \/>\n<meta property=\"og:url\" content=\"https:\/\/inter-soft.com\/fr\/mentions-legales\/\" \/>\n<meta property=\"og:site_name\" content=\"Inter-soft\" \/>\n<meta property=\"article:modified_time\" content=\"2026-02-24T13:08:47+00:00\" \/>\n<meta name=\"twitter:card\" content=\"summary_large_image\" \/>\n<meta name=\"twitter:label1\" content=\"Dur\u00e9e de lecture estim\u00e9e\" \/>\n\t<meta name=\"twitter:data1\" content=\"2 minutes\" \/>\n<script type=\"application\/ld+json\" class=\"yoast-schema-graph\">{\"@context\":\"https:\/\/schema.org\",\"@graph\":[{\"@type\":\"WebPage\",\"@id\":\"https:\/\/inter-soft.com\/fr\/mentions-legales\/\",\"url\":\"https:\/\/inter-soft.com\/fr\/mentions-legales\/\",\"name\":\"Mentions l\u00e9gales - Inter-soft\",\"isPartOf\":{\"@id\":\"https:\/\/inter-soft.com\/fr\/#website\"},\"datePublished\":\"2025-11-17T09:26:41+00:00\",\"dateModified\":\"2026-02-24T13:08:47+00:00\",\"breadcrumb\":{\"@id\":\"https:\/\/inter-soft.com\/fr\/mentions-legales\/#breadcrumb\"},\"inLanguage\":\"fr-FR\",\"potentialAction\":[{\"@type\":\"ReadAction\",\"target\":[\"https:\/\/inter-soft.com\/fr\/mentions-legales\/\"]}]},{\"@type\":\"BreadcrumbList\",\"@id\":\"https:\/\/inter-soft.com\/fr\/mentions-legales\/#breadcrumb\",\"itemListElement\":[{\"@type\":\"ListItem\",\"position\":1,\"name\":\"Home\",\"item\":\"https:\/\/inter-soft.com\/fr\/\"},{\"@type\":\"ListItem\",\"position\":2,\"name\":\"Mentions l\u00e9gales\"}]},{\"@type\":\"WebSite\",\"@id\":\"https:\/\/inter-soft.com\/fr\/#website\",\"url\":\"https:\/\/inter-soft.com\/fr\/\",\"name\":\"Inter Soft\",\"description\":\"\",\"publisher\":{\"@id\":\"https:\/\/inter-soft.com\/fr\/#organization\"},\"potentialAction\":[{\"@type\":\"SearchAction\",\"target\":{\"@type\":\"EntryPoint\",\"urlTemplate\":\"https:\/\/inter-soft.com\/fr\/?s={search_term_string}\"},\"query-input\":{\"@type\":\"PropertyValueSpecification\",\"valueRequired\":true,\"valueName\":\"search_term_string\"}}],\"inLanguage\":\"fr-FR\"},{\"@type\":\"Organization\",\"@id\":\"https:\/\/inter-soft.com\/fr\/#organization\",\"name\":\"Inter Soft\",\"url\":\"https:\/\/inter-soft.com\/fr\/\",\"logo\":{\"@type\":\"ImageObject\",\"inLanguage\":\"fr-FR\",\"@id\":\"https:\/\/inter-soft.com\/fr\/#\/schema\/logo\/image\/\",\"url\":\"https:\/\/inter-soft.com\/wp-content\/uploads\/2026\/03\/Inter-soft-new-logo-26-7.png\",\"contentUrl\":\"https:\/\/inter-soft.com\/wp-content\/uploads\/2026\/03\/Inter-soft-new-logo-26-7.png\",\"width\":400,\"height\":100,\"caption\":\"Inter Soft\"},\"image\":{\"@id\":\"https:\/\/inter-soft.com\/fr\/#\/schema\/logo\/image\/\"}}]}<\/script>\n<!-- \/ Yoast SEO plugin. -->","yoast_head_json":{"title":"Mentions l\u00e9gales - Inter-soft","robots":{"index":"index","follow":"follow","max-snippet":"max-snippet:-1","max-image-preview":"max-image-preview:large","max-video-preview":"max-video-preview:-1"},"canonical":"https:\/\/inter-soft.com\/fr\/mentions-legales\/","og_locale":"fr_FR","og_type":"article","og_title":"Mentions l\u00e9gales - Inter-soft","og_description":"Mentions l\u00e9gales Conform\u00e9ment aux dispositions de la loi n\u00b0 2004\u2011575 du 21 juin 2004 pour la confiance dans l\u2019\u00e9conomie num\u00e9rique, [&hellip;]","og_url":"https:\/\/inter-soft.com\/fr\/mentions-legales\/","og_site_name":"Inter-soft","article_modified_time":"2026-02-24T13:08:47+00:00","twitter_card":"summary_large_image","twitter_misc":{"Dur\u00e9e de lecture estim\u00e9e":"2 minutes"},"schema":{"@context":"https:\/\/schema.org","@graph":[{"@type":"WebPage","@id":"https:\/\/inter-soft.com\/fr\/mentions-legales\/","url":"https:\/\/inter-soft.com\/fr\/mentions-legales\/","name":"Mentions l\u00e9gales - Inter-soft","isPartOf":{"@id":"https:\/\/inter-soft.com\/fr\/#website"},"datePublished":"2025-11-17T09:26:41+00:00","dateModified":"2026-02-24T13:08:47+00:00","breadcrumb":{"@id":"https:\/\/inter-soft.com\/fr\/mentions-legales\/#breadcrumb"},"inLanguage":"fr-FR","potentialAction":[{"@type":"ReadAction","target":["https:\/\/inter-soft.com\/fr\/mentions-legales\/"]}]},{"@type":"BreadcrumbList","@id":"https:\/\/inter-soft.com\/fr\/mentions-legales\/#breadcrumb","itemListElement":[{"@type":"ListItem","position":1,"name":"Home","item":"https:\/\/inter-soft.com\/fr\/"},{"@type":"ListItem","position":2,"name":"Mentions l\u00e9gales"}]},{"@type":"WebSite","@id":"https:\/\/inter-soft.com\/fr\/#website","url":"https:\/\/inter-soft.com\/fr\/","name":"Inter Soft","description":"","publisher":{"@id":"https:\/\/inter-soft.com\/fr\/#organization"},"potentialAction":[{"@type":"SearchAction","target":{"@type":"EntryPoint","urlTemplate":"https:\/\/inter-soft.com\/fr\/?s={search_term_string}"},"query-input":{"@type":"PropertyValueSpecification","valueRequired":true,"valueName":"search_term_string"}}],"inLanguage":"fr-FR"},{"@type":"Organization","@id":"https:\/\/inter-soft.com\/fr\/#organization","name":"Inter Soft","url":"https:\/\/inter-soft.com\/fr\/","logo":{"@type":"ImageObject","inLanguage":"fr-FR","@id":"https:\/\/inter-soft.com\/fr\/#\/schema\/logo\/image\/","url":"https:\/\/inter-soft.com\/wp-content\/uploads\/2026\/03\/Inter-soft-new-logo-26-7.png","contentUrl":"https:\/\/inter-soft.com\/wp-content\/uploads\/2026\/03\/Inter-soft-new-logo-26-7.png","width":400,"height":100,"caption":"Inter Soft"},"image":{"@id":"https:\/\/inter-soft.com\/fr\/#\/schema\/logo\/image\/"}}]}},"_links":{"self":[{"href":"https:\/\/inter-soft.com\/fr\/wp-json\/wp\/v2\/pages\/4388","targetHints":{"allow":["GET"]}}],"collection":[{"href":"https:\/\/inter-soft.com\/fr\/wp-json\/wp\/v2\/pages"}],"about":[{"href":"https:\/\/inter-soft.com\/fr\/wp-json\/wp\/v2\/types\/page"}],"author":[{"embeddable":true,"href":"https:\/\/inter-soft.com\/fr\/wp-json\/wp\/v2\/users\/1"}],"replies":[{"embeddable":true,"href":"https:\/\/inter-soft.com\/fr\/wp-json\/wp\/v2\/comments?post=4388"}],"version-history":[{"count":1,"href":"https:\/\/inter-soft.com\/fr\/wp-json\/wp\/v2\/pages\/4388\/revisions"}],"predecessor-version":[{"id":4389,"href":"https:\/\/inter-soft.com\/fr\/wp-json\/wp\/v2\/pages\/4388\/revisions\/4389"}],"wp:attachment":[{"href":"https:\/\/inter-soft.com\/fr\/wp-json\/wp\/v2\/media?parent=4388"}],"curies":[{"name":"wp","href":"https:\/\/api.w.org\/{rel}","templated":true}]}}